{"id":12,"date":"2026-04-13T06:56:43","date_gmt":"2026-04-13T06:56:43","guid":{"rendered":"https:\/\/mastermind48.hu\/blog\/?page_id=12"},"modified":"2026-05-02T10:38:23","modified_gmt":"2026-05-02T10:38:23","slug":"kezdolap","status":"publish","type":"page","link":"https:\/\/mastermind48.hu\/blog\/","title":{"rendered":"Kezd\u0151lap"},"content":{"rendered":"\n<p>Tud\u00e1s, tapasztalat, k\u00f6z\u00f6ss\u00e9g \u2013 minden, ami a sikerhez kell. B\u00f6ng\u00e9szd cikkeinket \u00e9s inspir\u00e1l\u00f3dj!<\/p>\n","protected":false},"excerpt":{"rendered":"<p>Tud\u00e1s, tapasztalat, k\u00f6z\u00f6ss\u00e9g \u2013 minden, ami a sikerhez kell. B\u00f6ng\u00e9szd cikkeinket \u00e9s inspir\u00e1l\u00f3dj!<\/p>\n","protected":false},"author":1,"featured_media":0,"parent":0,"menu_order":0,"comment_status":"closed","ping_status":"closed","template":"","meta":{"pagelayer_contact_templates":[],"_pagelayer_content":"","footnotes":""},"class_list":["post-12","page","type-page","status-publish","hentry"],"_links":{"self":[{"href":"https:\/\/mastermind48.hu\/blog\/wp-json\/wp\/v2\/pages\/12","targetHints":{"allow":["GET"]}}],"collection":[{"href":"https:\/\/mastermind48.hu\/blog\/wp-json\/wp\/v2\/pages"}],"about":[{"href":"https:\/\/mastermind48.hu\/blog\/wp-json\/wp\/v2\/types\/page"}],"author":[{"embeddable":true,"href":"https:\/\/mastermind48.hu\/blog\/wp-json\/wp\/v2\/users\/1"}],"replies":[{"embeddable":true,"href":"https:\/\/mastermind48.hu\/blog\/wp-json\/wp\/v2\/comments?post=12"}],"version-history":[{"count":2,"href":"https:\/\/mastermind48.hu\/blog\/wp-json\/wp\/v2\/pages\/12\/revisions"}],"predecessor-version":[{"id":56,"href":"https:\/\/mastermind48.hu\/blog\/wp-json\/wp\/v2\/pages\/12\/revisions\/56"}],"wp:attachment":[{"href":"https:\/\/mastermind48.hu\/blog\/wp-json\/wp\/v2\/media?parent=12"}],"curies":[{"name":"wp","href":"https:\/\/api.w.org\/{rel}","templated":true}]}}