{"id":13,"date":"2026-04-13T06:56:43","date_gmt":"2026-04-13T06:56:43","guid":{"rendered":"https:\/\/mastermind48.hu\/blog\/?page_id=13"},"modified":"2026-04-13T06:56:43","modified_gmt":"2026-04-13T06:56:43","slug":"rolunk","status":"publish","type":"page","link":"https:\/\/mastermind48.hu\/blog\/rolunk\/","title":{"rendered":"R\u00f3lunk"},"content":{"rendered":"\n<p>Egy m\u0171v\u00e9szember itt is bemutathatja mag\u00e1t \u00e9s a munk\u00e1it, vagy egy \u00fczletember a v\u00e1llalkoz\u00e1s\u00e1t, k\u00fcldet\u00e9s\u00e9t \u00edrhatja ide.<\/p>\n","protected":false},"excerpt":{"rendered":"<p>Egy m\u0171v\u00e9szember itt is bemutathatja mag\u00e1t \u00e9s a munk\u00e1it, vagy egy \u00fczletember a v\u00e1llalkoz\u00e1s\u00e1t, k\u00fcldet\u00e9s\u00e9t \u00edrhatja ide.<\/p>\n","protected":false},"author":1,"featured_media":10,"parent":0,"menu_order":0,"comment_status":"closed","ping_status":"closed","template":"","meta":{"pagelayer_contact_templates":[],"_pagelayer_content":"","footnotes":""},"class_list":["post-13","page","type-page","status-publish","has-post-thumbnail","hentry"],"_links":{"self":[{"href":"https:\/\/mastermind48.hu\/blog\/wp-json\/wp\/v2\/pages\/13","targetHints":{"allow":["GET"]}}],"collection":[{"href":"https:\/\/mastermind48.hu\/blog\/wp-json\/wp\/v2\/pages"}],"about":[{"href":"https:\/\/mastermind48.hu\/blog\/wp-json\/wp\/v2\/types\/page"}],"author":[{"embeddable":true,"href":"https:\/\/mastermind48.hu\/blog\/wp-json\/wp\/v2\/users\/1"}],"replies":[{"embeddable":true,"href":"https:\/\/mastermind48.hu\/blog\/wp-json\/wp\/v2\/comments?post=13"}],"version-history":[{"count":1,"href":"https:\/\/mastermind48.hu\/blog\/wp-json\/wp\/v2\/pages\/13\/revisions"}],"predecessor-version":[{"id":31,"href":"https:\/\/mastermind48.hu\/blog\/wp-json\/wp\/v2\/pages\/13\/revisions\/31"}],"wp:featuredmedia":[{"embeddable":true,"href":"https:\/\/mastermind48.hu\/blog\/wp-json\/wp\/v2\/media\/10"}],"wp:attachment":[{"href":"https:\/\/mastermind48.hu\/blog\/wp-json\/wp\/v2\/media?parent=13"}],"curies":[{"name":"wp","href":"https:\/\/api.w.org\/{rel}","templated":true}]}}